{"id":635,"date":"2021-11-10T01:22:08","date_gmt":"2021-11-10T01:22:08","guid":{"rendered":"https:\/\/cleaningjet.cl\/?page_id=635"},"modified":"2022-08-26T05:26:57","modified_gmt":"2022-08-26T05:26:57","slug":"calendario-sanitizacion-fruttato-renaca","status":"publish","type":"page","link":"https:\/\/cleaningjet.cl\/index.php\/calendario-sanitizacion-fruttato-renaca\/","title":{"rendered":"CALENDARIO | Sanitizacion Fruttato Re\u00f1aca"},"content":{"rendered":"\t\t<div data-elementor-type=\"wp-page\" data-elementor-id=\"635\" class=\"elementor elementor-635\">\n\t\t\t\t\t\t<section class=\"elementor-section elementor-top-section elementor-element elementor-element-68f2a728 elementor-section-boxed elementor-section-height-default elementor-section-height-default\" data-id=\"68f2a728\" data-element_type=\"section\" data-e-type=\"section\">\n\t\t\t\t\t\t<div class=\"elementor-container elementor-column-gap-default\">\n\t\t\t\t\t\t<\/div>\n\t\t<\/section>\n\t\t\t\t<section class=\"elementor-section elementor-top-section elementor-element elementor-element-676daf6 elementor-section-boxed elementor-section-height-default elementor-section-height-default\" data-id=\"676daf6\" data-element_type=\"section\" data-e-type=\"section\">\n\t\t\t\t\t\t<div class=\"elementor-container elementor-column-gap-default\">\n\t\t\t\t\t<div class=\"elementor-column elementor-col-100 elementor-top-column elementor-element elementor-element-84cbc74\" data-id=\"84cbc74\" data-element_type=\"column\" data-e-type=\"column\">\n\t\t\t<div class=\"elementor-widget-wrap\">\n\t\t\t\t\t\t\t<\/div>\n\t\t<\/div>\n\t\t\t\t\t<\/div>\n\t\t<\/section>\n\t\t\t\t<section class=\"elementor-section elementor-top-section elementor-element elementor-element-19b1351 elementor-section-boxed elementor-section-height-default elementor-section-height-default\" data-id=\"19b1351\" data-element_type=\"section\" data-e-type=\"section\">\n\t\t\t\t\t\t<div class=\"elementor-container elementor-column-gap-default\">\n\t\t\t\t\t<div class=\"elementor-column elementor-col-100 elementor-top-column elementor-element elementor-element-ae6d083\" data-id=\"ae6d083\" data-element_type=\"column\" data-e-type=\"column\">\n\t\t\t<div class=\"elementor-widget-wrap elementor-element-populated\">\n\t\t\t\t\t\t<div class=\"elementor-element elementor-element-7ba6ff9 elementor-widget elementor-widget-spacer\" data-id=\"7ba6ff9\" data-element_type=\"widget\" data-e-type=\"widget\" data-widget_type=\"spacer.default\">\n\t\t\t\t<div class=\"elementor-widget-container\">\n\t\t\t\t\t\t\t<div class=\"elementor-spacer\">\n\t\t\t<div class=\"elementor-spacer-inner\"><\/div>\n\t\t<\/div>\n\t\t\t\t\t\t<\/div>\n\t\t\t\t<\/div>\n\t\t\t\t\t<\/div>\n\t\t<\/div>\n\t\t\t\t\t<\/div>\n\t\t<\/section>\n\t\t\t\t<section class=\"elementor-section elementor-top-section elementor-element elementor-element-c38daec elementor-section-boxed elementor-section-height-default elementor-section-height-default\" data-id=\"c38daec\" data-element_type=\"section\" data-e-type=\"section\">\n\t\t\t\t\t\t<div class=\"elementor-container elementor-column-gap-default\">\n\t\t\t\t\t<div class=\"elementor-column elementor-col-50 elementor-top-column elementor-element elementor-element-0aecbea\" data-id=\"0aecbea\" data-element_type=\"column\" data-e-type=\"column\">\n\t\t\t<div class=\"elementor-widget-wrap elementor-element-populated\">\n\t\t\t\t\t\t<div class=\"elementor-element elementor-element-b7eb54a elementor-widget elementor-widget-heading\" data-id=\"b7eb54a\" data-element_type=\"widget\" data-e-type=\"widget\" data-widget_type=\"heading.default\">\n\t\t\t\t<div class=\"elementor-widget-container\">\n\t\t\t\t\t<h4 class=\"elementor-heading-title elementor-size-default\">Sanitizaci\u00f3n preventiva por COVID-19<\/h4>\t\t\t\t<\/div>\n\t\t\t\t<\/div>\n\t\t\t\t<div class=\"elementor-element elementor-element-91bac0f elementor-widget elementor-widget-text-editor\" data-id=\"91bac0f\" data-element_type=\"widget\" data-e-type=\"widget\" data-widget_type=\"text-editor.default\">\n\t\t\t\t<div class=\"elementor-widget-container\">\n\t\t\t\t\t\t\t\t\t<p>Utilizamos \u00c1cido Hipocloroso, tambi\u00e9n conocido como \u201cAgua electrolizada\u201d que viene a reemplazar el amonio cuaternario por ser este \u00faltimo extremadamente t\u00f3xico, es por esto que el nuevo sanitizante tiene resoluci\u00f3n cosm\u00e9tica del ISP y es el sanitizante m\u00e1s recomendado por la OMS en estos momentos ya que es el \u00fanico verdaderamente inocuo.<\/p>\t\t\t\t\t\t\t\t<\/div>\n\t\t\t\t<\/div>\n\t\t\t\t<div class=\"elementor-element elementor-element-5e2f14f elementor-widget elementor-widget-spacer\" data-id=\"5e2f14f\" data-element_type=\"widget\" data-e-type=\"widget\" data-widget_type=\"spacer.default\">\n\t\t\t\t<div class=\"elementor-widget-container\">\n\t\t\t\t\t\t\t<div class=\"elementor-spacer\">\n\t\t\t<div class=\"elementor-spacer-inner\"><\/div>\n\t\t<\/div>\n\t\t\t\t\t\t<\/div>\n\t\t\t\t<\/div>\n\t\t\t\t\t<\/div>\n\t\t<\/div>\n\t\t\t\t<div class=\"elementor-column elementor-col-50 elementor-top-column elementor-element elementor-element-412afaf\" data-id=\"412afaf\" data-element_type=\"column\" data-e-type=\"column\">\n\t\t\t<div class=\"elementor-widget-wrap elementor-element-populated\">\n\t\t\t\t\t\t<div class=\"elementor-element elementor-element-390b746 elementor-widget elementor-widget-image\" data-id=\"390b746\" data-element_type=\"widget\" data-e-type=\"widget\" data-widget_type=\"image.default\">\n\t\t\t\t<div class=\"elementor-widget-container\">\n\t\t\t\t\t\t\t\t\t\t\t\t\t\t\t<img fetchpriority=\"high\" decoding=\"async\" width=\"432\" height=\"340\" src=\"https:\/\/cleaningjet.cl\/wp-content\/uploads\/2021\/10\/Captura12-copia.png\" class=\"attachment-medium_large size-medium_large wp-image-515\" alt=\"\" srcset=\"https:\/\/cleaningjet.cl\/wp-content\/uploads\/2021\/10\/Captura12-copia.png 432w, https:\/\/cleaningjet.cl\/wp-content\/uploads\/2021\/10\/Captura12-copia-300x236.png 300w\" sizes=\"(max-width: 432px) 100vw, 432px\" \/>\t\t\t\t\t\t\t\t\t\t\t\t\t\t\t<\/div>\n\t\t\t\t<\/div>\n\t\t\t\t\t<\/div>\n\t\t<\/div>\n\t\t\t\t\t<\/div>\n\t\t<\/section>\n\t\t\t\t<section class=\"elementor-section elementor-top-section elementor-element elementor-element-3908551 elementor-section-boxed elementor-section-height-default elementor-section-height-default\" data-id=\"3908551\" data-element_type=\"section\" data-e-type=\"section\">\n\t\t\t\t\t\t<div class=\"elementor-container elementor-column-gap-default\">\n\t\t\t\t\t\t<\/div>\n\t\t<\/section>\n\t\t\t\t<section class=\"elementor-section elementor-top-section elementor-element elementor-element-0deb2b6 elementor-section-boxed elementor-section-height-default elementor-section-height-default\" data-id=\"0deb2b6\" data-element_type=\"section\" data-e-type=\"section\">\n\t\t\t\t\t\t<div class=\"elementor-container elementor-column-gap-default\">\n\t\t\t\t\t<div class=\"elementor-column elementor-col-50 elementor-top-column elementor-element elementor-element-3e11b49\" data-id=\"3e11b49\" data-element_type=\"column\" data-e-type=\"column\">\n\t\t\t<div class=\"elementor-widget-wrap elementor-element-populated\">\n\t\t\t\t\t\t<div class=\"elementor-element elementor-element-a3c66ea elementor-widget elementor-widget-image\" data-id=\"a3c66ea\" data-element_type=\"widget\" data-e-type=\"widget\" data-widget_type=\"image.default\">\n\t\t\t\t<div class=\"elementor-widget-container\">\n\t\t\t\t\t\t\t\t\t\t\t\t\t\t\t<img decoding=\"async\" src=\"https:\/\/cleaningjet.cl\/wp-content\/uploads\/elementor\/thumbs\/logo-fruttato-pfu46cx5gdvulwhwk7cc45o0ws61gtcf4iswhynhts.png\" title=\"logo-fruttato\" alt=\"logo-fruttato\" loading=\"lazy\" \/>\t\t\t\t\t\t\t\t\t\t\t\t\t\t\t<\/div>\n\t\t\t\t<\/div>\n\t\t\t\t<div class=\"elementor-element elementor-element-78ac657 elementor-widget elementor-widget-text-editor\" data-id=\"78ac657\" data-element_type=\"widget\" data-e-type=\"widget\" data-widget_type=\"text-editor.default\">\n\t\t\t\t<div class=\"elementor-widget-container\">\n\t\t\t\t\t\t\t\t\t<p>AVDA. EDMUNDO ELUCHANS 1850 LOCAL 14, RE\u00d1ACA, V REGI\u00d3N<\/p>\t\t\t\t\t\t\t\t<\/div>\n\t\t\t\t<\/div>\n\t\t\t\t\t<\/div>\n\t\t<\/div>\n\t\t\t\t<div class=\"elementor-column elementor-col-50 elementor-top-column elementor-element elementor-element-0e8cc53\" data-id=\"0e8cc53\" data-element_type=\"column\" data-e-type=\"column\">\n\t\t\t<div class=\"elementor-widget-wrap elementor-element-populated\">\n\t\t\t\t\t\t<div class=\"elementor-element elementor-element-fd0bd88 elementor-widget elementor-widget-heading\" data-id=\"fd0bd88\" data-element_type=\"widget\" data-e-type=\"widget\" data-widget_type=\"heading.default\">\n\t\t\t\t<div class=\"elementor-widget-container\">\n\t\t\t\t\t<h4 class=\"elementor-heading-title elementor-size-default\">Calendario sanitizaciones realizadas <\/h4>\t\t\t\t<\/div>\n\t\t\t\t<\/div>\n\t\t\t\t<div class=\"elementor-element elementor-element-531eed9 elementor-widget elementor-widget-image\" data-id=\"531eed9\" data-element_type=\"widget\" data-e-type=\"widget\" data-widget_type=\"image.default\">\n\t\t\t\t<div class=\"elementor-widget-container\">\n\t\t\t\t\t\t\t\t\t\t\t\t\t\t\t<img decoding=\"async\" width=\"1209\" height=\"1980\" src=\"https:\/\/cleaningjet.cl\/wp-content\/uploads\/2022\/08\/06.-QR-FRUTTATO-HASTA-24.08.2022.png\" class=\"attachment-2048x2048 size-2048x2048 wp-image-762\" alt=\"\" srcset=\"https:\/\/cleaningjet.cl\/wp-content\/uploads\/2022\/08\/06.-QR-FRUTTATO-HASTA-24.08.2022.png 1209w, https:\/\/cleaningjet.cl\/wp-content\/uploads\/2022\/08\/06.-QR-FRUTTATO-HASTA-24.08.2022-183x300.png 183w, https:\/\/cleaningjet.cl\/wp-content\/uploads\/2022\/08\/06.-QR-FRUTTATO-HASTA-24.08.2022-625x1024.png 625w, https:\/\/cleaningjet.cl\/wp-content\/uploads\/2022\/08\/06.-QR-FRUTTATO-HASTA-24.08.2022-768x1258.png 768w, https:\/\/cleaningjet.cl\/wp-content\/uploads\/2022\/08\/06.-QR-FRUTTATO-HASTA-24.08.2022-938x1536.png 938w\" sizes=\"(max-width: 1209px) 100vw, 1209px\" \/>\t\t\t\t\t\t\t\t\t\t\t\t\t\t\t<\/div>\n\t\t\t\t<\/div>\n\t\t\t\t\t<\/div>\n\t\t<\/div>\n\t\t\t\t\t<\/div>\n\t\t<\/section>\n\t\t\t\t<section class=\"elementor-section elementor-top-section elementor-element elementor-element-8bf630d elementor-section-boxed elementor-section-height-default elementor-section-height-default\" data-id=\"8bf630d\" data-element_type=\"section\" data-e-type=\"section\">\n\t\t\t\t\t\t<div class=\"elementor-container elementor-column-gap-default\">\n\t\t\t\t\t<div class=\"elementor-column elementor-col-50 elementor-top-column elementor-element elementor-element-b2e6a29\" data-id=\"b2e6a29\" data-element_type=\"column\" data-e-type=\"column\">\n\t\t\t<div class=\"elementor-widget-wrap elementor-element-populated\">\n\t\t\t\t\t\t<div class=\"elementor-element elementor-element-2a1f1d2 elementor-widget elementor-widget-spacer\" data-id=\"2a1f1d2\" data-element_type=\"widget\" data-e-type=\"widget\" data-widget_type=\"spacer.default\">\n\t\t\t\t<div class=\"elementor-widget-container\">\n\t\t\t\t\t\t\t<div class=\"elementor-spacer\">\n\t\t\t<div class=\"elementor-spacer-inner\"><\/div>\n\t\t<\/div>\n\t\t\t\t\t\t<\/div>\n\t\t\t\t<\/div>\n\t\t\t\t\t<\/div>\n\t\t<\/div>\n\t\t\t\t<div class=\"elementor-column elementor-col-50 elementor-top-column elementor-element elementor-element-99274fa\" data-id=\"99274fa\" data-element_type=\"column\" data-e-type=\"column\">\n\t\t\t<div class=\"elementor-widget-wrap\">\n\t\t\t\t\t\t\t<\/div>\n\t\t<\/div>\n\t\t\t\t\t<\/div>\n\t\t<\/section>\n\t\t\t\t<section class=\"elementor-section elementor-top-section elementor-element elementor-element-d0bda6b elementor-section-boxed elementor-section-height-default elementor-section-height-default\" data-id=\"d0bda6b\" data-element_type=\"section\" data-e-type=\"section\">\n\t\t\t\t\t\t<div class=\"elementor-container elementor-column-gap-default\">\n\t\t\t\t\t<div class=\"elementor-column elementor-col-100 elementor-top-column elementor-element elementor-element-2b246ae\" data-id=\"2b246ae\" data-element_type=\"column\" data-e-type=\"column\">\n\t\t\t<div class=\"elementor-widget-wrap elementor-element-populated\">\n\t\t\t\t\t\t<div class=\"elementor-element elementor-element-754441d elementor-widget elementor-widget-spacer\" data-id=\"754441d\" data-element_type=\"widget\" data-e-type=\"widget\" data-widget_type=\"spacer.default\">\n\t\t\t\t<div class=\"elementor-widget-container\">\n\t\t\t\t\t\t\t<div class=\"elementor-spacer\">\n\t\t\t<div class=\"elementor-spacer-inner\"><\/div>\n\t\t<\/div>\n\t\t\t\t\t\t<\/div>\n\t\t\t\t<\/div>\n\t\t\t\t\t<\/div>\n\t\t<\/div>\n\t\t\t\t\t<\/div>\n\t\t<\/section>\n\t\t\t\t<\/div>\n\t\t","protected":false},"excerpt":{"rendered":"<p>Sanitizaci\u00f3n preventiva por COVID-19 Utilizamos \u00c1cido Hipocloroso, tambi\u00e9n conocido como \u201cAgua electrolizada\u201d que viene a reemplazar el amonio cuaternario por ser este \u00faltimo extremadamente t\u00f3xico, es por esto que el nuevo sanitizante tiene resoluci\u00f3n cosm\u00e9tica del ISP y es el sanitizante m\u00e1s recomendado por la OMS en estos momentos ya que es el \u00fanico verdaderamente [&hellip;]<\/p>\n","protected":false},"author":1,"featured_media":0,"parent":0,"menu_order":0,"comment_status":"closed","ping_status":"closed","template":"elementor_header_footer","meta":{"footnotes":""},"class_list":["post-635","page","type-page","status-publish","hentry"],"_links":{"self":[{"href":"https:\/\/cleaningjet.cl\/index.php\/wp-json\/wp\/v2\/pages\/635","targetHints":{"allow":["GET"]}}],"collection":[{"href":"https:\/\/cleaningjet.cl\/index.php\/wp-json\/wp\/v2\/pages"}],"about":[{"href":"https:\/\/cleaningjet.cl\/index.php\/wp-json\/wp\/v2\/types\/page"}],"author":[{"embeddable":true,"href":"https:\/\/cleaningjet.cl\/index.php\/wp-json\/wp\/v2\/users\/1"}],"replies":[{"embeddable":true,"href":"https:\/\/cleaningjet.cl\/index.php\/wp-json\/wp\/v2\/comments?post=635"}],"version-history":[{"count":28,"href":"https:\/\/cleaningjet.cl\/index.php\/wp-json\/wp\/v2\/pages\/635\/revisions"}],"predecessor-version":[{"id":765,"href":"https:\/\/cleaningjet.cl\/index.php\/wp-json\/wp\/v2\/pages\/635\/revisions\/765"}],"wp:attachment":[{"href":"https:\/\/cleaningjet.cl\/index.php\/wp-json\/wp\/v2\/media?parent=635"}],"curies":[{"name":"wp","href":"https:\/\/api.w.org\/{rel}","templated":true}]}}